{"id":13517,"date":"2023-07-19T09:35:13","date_gmt":"2023-07-19T06:35:13","guid":{"rendered":"http:\/\/staging.grindeks.fi\/produkty\/final-dosage-forms\/"},"modified":"2023-09-15T11:19:07","modified_gmt":"2023-09-15T08:19:07","slug":"kalceks-produkty","status":"publish","type":"page","link":"https:\/\/staging.grindeks.fi\/en\/kalceks-produkty\/","title":{"rendered":"Produkty Kalceks"},"content":{"rendered":"\n<p>Kalceks specjalizuje si\u0119 w opracowywaniu i wytwarzaniu lek\u00f3w dla szerokiego zakresu grup terapeutycznych min.: leki o\u015brodkowego uk\u0142adu nerwowego, miorelaksacyjne, szpitalne \u015brodki znieczulaj\u0105ce i przeciwb\u00f3lowe, leki sercowo-naczyniowe, gastroenterologiczne i metaboliczne. W ostatnich latach poszerzono asortyment o produkcj\u0119 lek\u00f3w patentowych w tym: antybiotyk\u00f3w, produkt\u00f3w onkologicznych oraz kropli do oczu. Produkujemy w ramach Grupy Grindeks na \u0141otwie, Estonii i S\u0142owacji, a tak\u017ce w innych zak\u0142adach produkcyjnych w Europie.<\/p>\n","protected":false},"excerpt":{"rendered":"<p>Kalceks specjalizuje si\u0119 w opracowywaniu i wytwarzaniu lek\u00f3w dla szerokiego zakresu grup terapeutycznych min.: leki o\u015brodkowego uk\u0142adu nerwowego, miorelaksacyjne, szpitalne \u015brodki znieczulaj\u0105ce i przeciwb\u00f3lowe, leki&#8230;<\/p>\n","protected":false},"author":12,"featured_media":6601,"parent":0,"menu_order":0,"comment_status":"closed","ping_status":"closed","template":"","meta":{"_acf_changed":false,"footnotes":""},"class_list":["post-13517","page","type-page","status-publish","has-post-thumbnail","hentry"],"acf":[],"_links":{"self":[{"href":"https:\/\/staging.grindeks.fi\/en\/wp-json\/wp\/v2\/pages\/13517","targetHints":{"allow":["GET"]}}],"collection":[{"href":"https:\/\/staging.grindeks.fi\/en\/wp-json\/wp\/v2\/pages"}],"about":[{"href":"https:\/\/staging.grindeks.fi\/en\/wp-json\/wp\/v2\/types\/page"}],"author":[{"embeddable":true,"href":"https:\/\/staging.grindeks.fi\/en\/wp-json\/wp\/v2\/users\/12"}],"replies":[{"embeddable":true,"href":"https:\/\/staging.grindeks.fi\/en\/wp-json\/wp\/v2\/comments?post=13517"}],"version-history":[{"count":0,"href":"https:\/\/staging.grindeks.fi\/en\/wp-json\/wp\/v2\/pages\/13517\/revisions"}],"wp:featuredmedia":[{"embeddable":true,"href":"https:\/\/staging.grindeks.fi\/en\/wp-json\/wp\/v2\/media\/6601"}],"wp:attachment":[{"href":"https:\/\/staging.grindeks.fi\/en\/wp-json\/wp\/v2\/media?parent=13517"}],"curies":[{"name":"wp","href":"https:\/\/api.w.org\/{rel}","templated":true}]}}